{"id":1076,"date":"2023-05-25T09:40:22","date_gmt":"2023-05-25T12:40:22","guid":{"rendered":"http:\/\/locatranslogistics.com\/?page_id=1076"},"modified":"2023-05-25T09:40:22","modified_gmt":"2023-05-25T12:40:22","slug":"responsabilidade","status":"publish","type":"page","link":"https:\/\/locatrans.com.br\/?page_id=1076","title":{"rendered":"Responsabilidade"},"content":{"rendered":"\t\t<div data-elementor-type=\"wp-page\" data-elementor-id=\"1076\" class=\"elementor elementor-1076\">\n\t\t\t\t\t\t\t\t\t<section class=\"elementor-section elementor-top-section elementor-element elementor-element-31225f6 elementor-section-content-middle elementor-section-boxed elementor-section-height-default elementor-section-height-default\" data-id=\"31225f6\" data-element_type=\"section\" data-settings=\"{&quot;background_background&quot;:&quot;classic&quot;}\">\n\t\t\t\t\t\t\t<div class=\"elementor-background-overlay\"><\/div>\n\t\t\t\t\t\t\t<div class=\"elementor-container elementor-column-gap-no\">\n\t\t\t\t\t<div class=\"elementor-column elementor-col-100 elementor-top-column elementor-element elementor-element-e2ccdac\" data-id=\"e2ccdac\" data-element_type=\"column\">\n\t\t\t<div class=\"elementor-widget-wrap elementor-element-populated\">\n\t\t\t\t\t\t\t\t<div class=\"elementor-element elementor-element-6a4f897 elementor-position-left elementor-vertical-align-top elementor-widget elementor-widget-image-box\" data-id=\"6a4f897\" data-element_type=\"widget\" data-widget_type=\"image-box.default\">\n\t\t\t\t<div class=\"elementor-widget-container\">\n\t\t\t<style>\/*! elementor - v3.14.0 - 26-06-2023 *\/\n.elementor-widget-image-box .elementor-image-box-content{width:100%}@media (min-width:768px){.elementor-widget-image-box.elementor-position-left .elementor-image-box-wrapper,.elementor-widget-image-box.elementor-position-right .elementor-image-box-wrapper{display:flex}.elementor-widget-image-box.elementor-position-right .elementor-image-box-wrapper{text-align:right;flex-direction:row-reverse}.elementor-widget-image-box.elementor-position-left .elementor-image-box-wrapper{text-align:left;flex-direction:row}.elementor-widget-image-box.elementor-position-top .elementor-image-box-img{margin:auto}.elementor-widget-image-box.elementor-vertical-align-top .elementor-image-box-wrapper{align-items:flex-start}.elementor-widget-image-box.elementor-vertical-align-middle .elementor-image-box-wrapper{align-items:center}.elementor-widget-image-box.elementor-vertical-align-bottom .elementor-image-box-wrapper{align-items:flex-end}}@media (max-width:767px){.elementor-widget-image-box .elementor-image-box-img{margin-left:auto!important;margin-right:auto!important;margin-bottom:15px}}.elementor-widget-image-box .elementor-image-box-img{display:inline-block}.elementor-widget-image-box .elementor-image-box-title a{color:inherit}.elementor-widget-image-box .elementor-image-box-wrapper{text-align:center}.elementor-widget-image-box .elementor-image-box-description{margin:0}<\/style><div class=\"elementor-image-box-wrapper\"><div class=\"elementor-image-box-content\"><h1 class=\"elementor-image-box-title\">Responsabilidade<\/h1><p class=\"elementor-image-box-description\">Regras de ouro da Locatrans - Seguran\u00e7a do Trabalho<\/p><\/div><\/div>\t\t<\/div>\n\t\t\t\t<\/div>\n\t\t\t\t\t<\/div>\n\t\t<\/div>\n\t\t\t\t\t\t\t<\/div>\n\t\t<\/section>\n\t\t\t\t<section class=\"elementor-section elementor-top-section elementor-element elementor-element-394ec0d elementor-section-boxed elementor-section-height-default elementor-section-height-default\" data-id=\"394ec0d\" data-element_type=\"section\">\n\t\t\t\t\t\t<div class=\"elementor-container elementor-column-gap-default\">\n\t\t\t\t\t<div class=\"elementor-column elementor-col-100 elementor-top-column elementor-element elementor-element-475d266\" data-id=\"475d266\" data-element_type=\"column\">\n\t\t\t<div class=\"elementor-widget-wrap elementor-element-populated\">\n\t\t\t\t\t\t\t\t<div class=\"elementor-element elementor-element-794d8f3 elementor-widget elementor-widget-text-editor\" data-id=\"794d8f3\" data-element_type=\"widget\" data-widget_type=\"text-editor.default\">\n\t\t\t\t<div class=\"elementor-widget-container\">\n\t\t\t<style>\/*! elementor - v3.14.0 - 26-06-2023 *\/\n.elementor-widget-text-editor.elementor-drop-cap-view-stacked .elementor-drop-cap{background-color:#69727d;color:#fff}.elementor-widget-text-editor.elementor-drop-cap-view-framed .elementor-drop-cap{color:#69727d;border:3px solid;background-color:transparent}.elementor-widget-text-editor:not(.elementor-drop-cap-view-default) .elementor-drop-cap{margin-top:8px}.elementor-widget-text-editor:not(.elementor-drop-cap-view-default) .elementor-drop-cap-letter{width:1em;height:1em}.elementor-widget-text-editor .elementor-drop-cap{float:left;text-align:center;line-height:1;font-size:50px}.elementor-widget-text-editor .elementor-drop-cap-letter{display:inline-block}<\/style>\t\t\t\t<p>Para garantir a seguran\u00e7a dos nossos clientes e colaboradores, os motoristas da Locatrans seguem as Regras de Ouro, uma lista com nove comportamentos simples que podem salvar vidas:<\/p>\n<p>1. N\u00e3o usar celular quando estiver dirigindo ou parado no tr\u00e2nsito;<br>2. Respeitar os limites de velocidade das vias e normas da empresa;<br>3. N\u00e3o estacionar em local proibido;<br>4. Dirigir sempre olhando para frente;<br>5. Dirigir com as duas m\u00e3os ao volante;<br>6. N\u00e3o trabalhar sob efeito de \u00e1lcool e drogas il\u00edcitas;<br>7. N\u00e3o realizar atividades sem estar habilitado, qualificado, capacitado ou autorizado;<br>8. N\u00e3o exceder a jornada de trabalho;<br>9. Realizar check list do ve\u00edculo e, se tiver falha em algum item de seguran\u00e7a, deve trocar de ve\u00edculo.<\/p>\t\t\t\t\t\t<\/div>\n\t\t\t\t<\/div>\n\t\t\t\t\t<\/div>\n\t\t<\/div>\n\t\t\t\t\t\t\t<\/div>\n\t\t<\/section>\n\t\t\t\t\t\t\t<\/div>\n\t\t","protected":false},"excerpt":{"rendered":"<p>Responsabilidade Regras de ouro da Locatrans &#8211; Seguran\u00e7a do Trabalho Para garantir a seguran\u00e7a dos nossos clientes e colaboradores, os motoristas da Locatrans seguem as Regras de Ouro, uma lista com nove comportamentos simples que podem salvar vidas: 1. N\u00e3o usar celular quando estiver dirigindo ou parado no tr\u00e2nsito;2. Respeitar os limites de velocidade das &hellip;<\/p>\n<p class=\"read-more\"> <a class=\"\" href=\"https:\/\/locatrans.com.br\/?page_id=1076\"> <span class=\"screen-reader-text\">Responsabilidade<\/span> Leia mais &raquo;<\/a><\/p>\n","protected":false},"author":2,"featured_media":0,"parent":0,"menu_order":0,"comment_status":"closed","ping_status":"closed","template":"","meta":{"site-sidebar-layout":"no-sidebar","site-content-layout":"page-builder","ast-global-header-display":"","ast-banner-title-visibility":"","ast-main-header-display":"","ast-hfb-above-header-display":"","ast-hfb-below-header-display":"","ast-hfb-mobile-header-display":"","site-post-title":"disabled","ast-breadcrumbs-content":"","ast-featured-img":"disabled","footer-sml-layout":"","theme-transparent-header-meta":"","adv-header-id-meta":"","stick-header-meta":"","header-above-stick-meta":"","header-main-stick-meta":"","header-below-stick-meta":"","footnotes":""},"yoast_head":"<!-- This site is optimized with the Yoast SEO plugin v20.13 - https:\/\/yoast.com\/wordpress\/plugins\/seo\/ -->\n<title>Responsabilidade - Locatrans Log\u00edstica e Transporte<\/title>\n<meta name=\"robots\" content=\"index, follow, max-snippet:-1, max-image-preview:large, max-video-preview:-1\" \/>\n<link rel=\"canonical\" href=\"http:\/\/locatrans.com.br\/?page_id=1076\" \/>\n<meta property=\"og:locale\" content=\"pt_BR\" \/>\n<meta property=\"og:type\" content=\"article\" \/>\n<meta property=\"og:title\" content=\"Responsabilidade - Locatrans Log\u00edstica e Transporte\" \/>\n<meta property=\"og:description\" content=\"Responsabilidade Regras de ouro da Locatrans &#8211; Seguran\u00e7a do Trabalho Para garantir a seguran\u00e7a dos nossos clientes e colaboradores, os motoristas da Locatrans seguem as Regras de Ouro, uma lista com nove comportamentos simples que podem salvar vidas: 1. N\u00e3o usar celular quando estiver dirigindo ou parado no tr\u00e2nsito;2. Respeitar os limites de velocidade das &hellip; Responsabilidade Leia mais &raquo;\" \/>\n<meta property=\"og:url\" content=\"http:\/\/locatrans.com.br\/?page_id=1076\" \/>\n<meta property=\"og:site_name\" content=\"Locatrans Log\u00edstica e Transporte\" \/>\n<meta name=\"twitter:card\" content=\"summary_large_image\" \/>\n<meta name=\"twitter:label1\" content=\"Est. tempo de leitura\" \/>\n\t<meta name=\"twitter:data1\" content=\"1 minuto\" \/>\n<script type=\"application\/ld+json\" class=\"yoast-schema-graph\">{\"@context\":\"https:\/\/schema.org\",\"@graph\":[{\"@type\":\"WebPage\",\"@id\":\"http:\/\/locatrans.com.br\/?page_id=1076\",\"url\":\"http:\/\/locatrans.com.br\/?page_id=1076\",\"name\":\"Responsabilidade - Locatrans Log\u00edstica e Transporte\",\"isPartOf\":{\"@id\":\"https:\/\/locatrans.com.br\/#website\"},\"datePublished\":\"2023-05-25T12:40:22+00:00\",\"dateModified\":\"2023-05-25T12:40:22+00:00\",\"breadcrumb\":{\"@id\":\"http:\/\/locatrans.com.br\/?page_id=1076#breadcrumb\"},\"inLanguage\":\"pt-BR\",\"potentialAction\":[{\"@type\":\"ReadAction\",\"target\":[\"http:\/\/locatrans.com.br\/?page_id=1076\"]}]},{\"@type\":\"BreadcrumbList\",\"@id\":\"http:\/\/locatrans.com.br\/?page_id=1076#breadcrumb\",\"itemListElement\":[{\"@type\":\"ListItem\",\"position\":1,\"name\":\"In\u00edcio\",\"item\":\"https:\/\/locatrans.com.br\/\"},{\"@type\":\"ListItem\",\"position\":2,\"name\":\"Responsabilidade\"}]},{\"@type\":\"WebSite\",\"@id\":\"https:\/\/locatrans.com.br\/#website\",\"url\":\"https:\/\/locatrans.com.br\/\",\"name\":\"Locatrans Log\u00edstica e Transporte\",\"description\":\"Somos especializados em presta\u00e7\u00e3o de servi\u00e7os para parceiros que buscam o apoio em solu\u00e7\u00f5es de transporte como acompanhamento em troca de turmas, servi\u00e7os de prepostos, loca\u00e7\u00e3o de ve\u00edculos e transportes de pequenas cargas. Nossa oferta de servi\u00e7o tem alto padr\u00e3o de qualidade e efici\u00eancia.\",\"publisher\":{\"@id\":\"https:\/\/locatrans.com.br\/#organization\"},\"potentialAction\":[{\"@type\":\"SearchAction\",\"target\":{\"@type\":\"EntryPoint\",\"urlTemplate\":\"https:\/\/locatrans.com.br\/?s={search_term_string}\"},\"query-input\":\"required name=search_term_string\"}],\"inLanguage\":\"pt-BR\"},{\"@type\":\"Organization\",\"@id\":\"https:\/\/locatrans.com.br\/#organization\",\"name\":\"Locatrans Log\u00edstica e Transporte\",\"url\":\"https:\/\/locatrans.com.br\/\",\"logo\":{\"@type\":\"ImageObject\",\"inLanguage\":\"pt-BR\",\"@id\":\"https:\/\/locatrans.com.br\/#\/schema\/logo\/image\/\",\"url\":\"https:\/\/locatrans.com.br\/wp-content\/uploads\/2016\/08\/cropped-cropped-logo-locatrans-e1472070164157.png\",\"contentUrl\":\"https:\/\/locatrans.com.br\/wp-content\/uploads\/2016\/08\/cropped-cropped-logo-locatrans-e1472070164157.png\",\"width\":200,\"height\":67,\"caption\":\"Locatrans Log\u00edstica e Transporte\"},\"image\":{\"@id\":\"https:\/\/locatrans.com.br\/#\/schema\/logo\/image\/\"}}]}<\/script>\n<!-- \/ Yoast SEO plugin. -->","yoast_head_json":{"title":"Responsabilidade - Locatrans Log\u00edstica e Transporte","robots":{"index":"index","follow":"follow","max-snippet":"max-snippet:-1","max-image-preview":"max-image-preview:large","max-video-preview":"max-video-preview:-1"},"canonical":"http:\/\/locatrans.com.br\/?page_id=1076","og_locale":"pt_BR","og_type":"article","og_title":"Responsabilidade - Locatrans Log\u00edstica e Transporte","og_description":"Responsabilidade Regras de ouro da Locatrans &#8211; Seguran\u00e7a do Trabalho Para garantir a seguran\u00e7a dos nossos clientes e colaboradores, os motoristas da Locatrans seguem as Regras de Ouro, uma lista com nove comportamentos simples que podem salvar vidas: 1. N\u00e3o usar celular quando estiver dirigindo ou parado no tr\u00e2nsito;2. Respeitar os limites de velocidade das &hellip; Responsabilidade Leia mais &raquo;","og_url":"http:\/\/locatrans.com.br\/?page_id=1076","og_site_name":"Locatrans Log\u00edstica e Transporte","twitter_card":"summary_large_image","twitter_misc":{"Est. tempo de leitura":"1 minuto"},"schema":{"@context":"https:\/\/schema.org","@graph":[{"@type":"WebPage","@id":"http:\/\/locatrans.com.br\/?page_id=1076","url":"http:\/\/locatrans.com.br\/?page_id=1076","name":"Responsabilidade - Locatrans Log\u00edstica e Transporte","isPartOf":{"@id":"https:\/\/locatrans.com.br\/#website"},"datePublished":"2023-05-25T12:40:22+00:00","dateModified":"2023-05-25T12:40:22+00:00","breadcrumb":{"@id":"http:\/\/locatrans.com.br\/?page_id=1076#breadcrumb"},"inLanguage":"pt-BR","potentialAction":[{"@type":"ReadAction","target":["http:\/\/locatrans.com.br\/?page_id=1076"]}]},{"@type":"BreadcrumbList","@id":"http:\/\/locatrans.com.br\/?page_id=1076#breadcrumb","itemListElement":[{"@type":"ListItem","position":1,"name":"In\u00edcio","item":"https:\/\/locatrans.com.br\/"},{"@type":"ListItem","position":2,"name":"Responsabilidade"}]},{"@type":"WebSite","@id":"https:\/\/locatrans.com.br\/#website","url":"https:\/\/locatrans.com.br\/","name":"Locatrans Log\u00edstica e Transporte","description":"Somos especializados em presta\u00e7\u00e3o de servi\u00e7os para parceiros que buscam o apoio em solu\u00e7\u00f5es de transporte como acompanhamento em troca de turmas, servi\u00e7os de prepostos, loca\u00e7\u00e3o de ve\u00edculos e transportes de pequenas cargas. Nossa oferta de servi\u00e7o tem alto padr\u00e3o de qualidade e efici\u00eancia.","publisher":{"@id":"https:\/\/locatrans.com.br\/#organization"},"potentialAction":[{"@type":"SearchAction","target":{"@type":"EntryPoint","urlTemplate":"https:\/\/locatrans.com.br\/?s={search_term_string}"},"query-input":"required name=search_term_string"}],"inLanguage":"pt-BR"},{"@type":"Organization","@id":"https:\/\/locatrans.com.br\/#organization","name":"Locatrans Log\u00edstica e Transporte","url":"https:\/\/locatrans.com.br\/","logo":{"@type":"ImageObject","inLanguage":"pt-BR","@id":"https:\/\/locatrans.com.br\/#\/schema\/logo\/image\/","url":"https:\/\/locatrans.com.br\/wp-content\/uploads\/2016\/08\/cropped-cropped-logo-locatrans-e1472070164157.png","contentUrl":"https:\/\/locatrans.com.br\/wp-content\/uploads\/2016\/08\/cropped-cropped-logo-locatrans-e1472070164157.png","width":200,"height":67,"caption":"Locatrans Log\u00edstica e Transporte"},"image":{"@id":"https:\/\/locatrans.com.br\/#\/schema\/logo\/image\/"}}]}},"_links":{"self":[{"href":"https:\/\/locatrans.com.br\/index.php?rest_route=\/wp\/v2\/pages\/1076"}],"collection":[{"href":"https:\/\/locatrans.com.br\/index.php?rest_route=\/wp\/v2\/pages"}],"about":[{"href":"https:\/\/locatrans.com.br\/index.php?rest_route=\/wp\/v2\/types\/page"}],"author":[{"embeddable":true,"href":"https:\/\/locatrans.com.br\/index.php?rest_route=\/wp\/v2\/users\/2"}],"replies":[{"embeddable":true,"href":"https:\/\/locatrans.com.br\/index.php?rest_route=%2Fwp%2Fv2%2Fcomments&post=1076"}],"version-history":[{"count":0,"href":"https:\/\/locatrans.com.br\/index.php?rest_route=\/wp\/v2\/pages\/1076\/revisions"}],"wp:attachment":[{"href":"https:\/\/locatrans.com.br\/index.php?rest_route=%2Fwp%2Fv2%2Fmedia&parent=1076"}],"curies":[{"name":"wp","href":"https:\/\/api.w.org\/{rel}","templated":true}]}}