{"id":246,"date":"2021-04-29T03:36:59","date_gmt":"2021-04-29T06:36:59","guid":{"rendered":"http:\/\/locatranslogistics.com\/services-2\/"},"modified":"2023-07-17T11:44:13","modified_gmt":"2023-07-17T14:44:13","slug":"servicos","status":"publish","type":"page","link":"https:\/\/locatrans.com.br\/?page_id=246","title":{"rendered":"Servi\u00e7os"},"content":{"rendered":"\t\t<div data-elementor-type=\"wp-page\" data-elementor-id=\"246\" class=\"elementor elementor-246\">\n\t\t\t\t\t\t\t\t\t<section class=\"elementor-section elementor-top-section elementor-element elementor-element-baf406e elementor-section-content-middle elementor-section-boxed elementor-section-height-default elementor-section-height-default\" data-id=\"baf406e\" data-element_type=\"section\" data-settings=\"{&quot;background_background&quot;:&quot;classic&quot;}\">\n\t\t\t\t\t\t\t<div class=\"elementor-background-overlay\"><\/div>\n\t\t\t\t\t\t\t<div class=\"elementor-container elementor-column-gap-no\">\n\t\t\t\t\t<div class=\"elementor-column elementor-col-100 elementor-top-column elementor-element elementor-element-a468d57\" data-id=\"a468d57\" data-element_type=\"column\">\n\t\t\t<div class=\"elementor-widget-wrap elementor-element-populated\">\n\t\t\t\t\t\t\t\t<div class=\"elementor-element elementor-element-edbe2e8 elementor-position-left elementor-vertical-align-top elementor-widget elementor-widget-image-box\" data-id=\"edbe2e8\" data-element_type=\"widget\" data-widget_type=\"image-box.default\">\n\t\t\t\t<div class=\"elementor-widget-container\">\n\t\t\t<style>\/*! elementor - v3.14.0 - 26-06-2023 *\/\n.elementor-widget-image-box .elementor-image-box-content{width:100%}@media (min-width:768px){.elementor-widget-image-box.elementor-position-left .elementor-image-box-wrapper,.elementor-widget-image-box.elementor-position-right .elementor-image-box-wrapper{display:flex}.elementor-widget-image-box.elementor-position-right .elementor-image-box-wrapper{text-align:right;flex-direction:row-reverse}.elementor-widget-image-box.elementor-position-left .elementor-image-box-wrapper{text-align:left;flex-direction:row}.elementor-widget-image-box.elementor-position-top .elementor-image-box-img{margin:auto}.elementor-widget-image-box.elementor-vertical-align-top .elementor-image-box-wrapper{align-items:flex-start}.elementor-widget-image-box.elementor-vertical-align-middle .elementor-image-box-wrapper{align-items:center}.elementor-widget-image-box.elementor-vertical-align-bottom .elementor-image-box-wrapper{align-items:flex-end}}@media (max-width:767px){.elementor-widget-image-box .elementor-image-box-img{margin-left:auto!important;margin-right:auto!important;margin-bottom:15px}}.elementor-widget-image-box .elementor-image-box-img{display:inline-block}.elementor-widget-image-box .elementor-image-box-title a{color:inherit}.elementor-widget-image-box .elementor-image-box-wrapper{text-align:center}.elementor-widget-image-box .elementor-image-box-description{margin:0}<\/style><div class=\"elementor-image-box-wrapper\"><div class=\"elementor-image-box-content\"><h1 class=\"elementor-image-box-title\">Servi\u00e7os<\/h1><p class=\"elementor-image-box-description\">A Locatrans transporta passageiros e pequenas mercadorias com qualidade e seguran\u00e7a, em tempo h\u00e1bil capaz de promover o desenvolvimento econ\u00f4mico e social dos seus clientes, colaboradores e da pr\u00f3pria empresa.<\/p><\/div><\/div>\t\t<\/div>\n\t\t\t\t<\/div>\n\t\t\t\t\t<\/div>\n\t\t<\/div>\n\t\t\t\t\t\t\t<\/div>\n\t\t<\/section>\n\t\t\t\t<section class=\"elementor-section elementor-top-section elementor-element elementor-element-2c7e63b elementor-section-boxed elementor-section-height-default elementor-section-height-default\" data-id=\"2c7e63b\" data-element_type=\"section\">\n\t\t\t\t\t\t<div class=\"elementor-container elementor-column-gap-default\">\n\t\t\t\t\t<div class=\"elementor-column elementor-col-100 elementor-top-column elementor-element elementor-element-85cd15e\" data-id=\"85cd15e\" data-element_type=\"column\">\n\t\t\t<div class=\"elementor-widget-wrap elementor-element-populated\">\n\t\t\t\t\t\t\t\t<div class=\"elementor-element elementor-element-1b1959c elementor-widget elementor-widget-text-editor\" data-id=\"1b1959c\" data-element_type=\"widget\" data-widget_type=\"text-editor.default\">\n\t\t\t\t<div class=\"elementor-widget-container\">\n\t\t\t<style>\/*! elementor - v3.14.0 - 26-06-2023 *\/\n.elementor-widget-text-editor.elementor-drop-cap-view-stacked .elementor-drop-cap{background-color:#69727d;color:#fff}.elementor-widget-text-editor.elementor-drop-cap-view-framed .elementor-drop-cap{color:#69727d;border:3px solid;background-color:transparent}.elementor-widget-text-editor:not(.elementor-drop-cap-view-default) .elementor-drop-cap{margin-top:8px}.elementor-widget-text-editor:not(.elementor-drop-cap-view-default) .elementor-drop-cap-letter{width:1em;height:1em}.elementor-widget-text-editor .elementor-drop-cap{float:left;text-align:center;line-height:1;font-size:50px}.elementor-widget-text-editor .elementor-drop-cap-letter{display:inline-block}<\/style>\t\t\t\t<p><strong>Apoio log\u00edstico Offshore e Onshore (Preposto Bil\u00edngue):<\/strong> Execu\u00e7\u00e3o de servi\u00e7os de preposto ou apoio log\u00edstico (t\u00e9cnico e\/ou operacional), tendo como objetivo o planejamento, a execu\u00e7\u00e3o e o atendimento das programa\u00e7\u00f5es terrestres e mar\u00edtimas, proporcionando uma maior agilidade nas atividades de movimenta\u00e7\u00e3o de cargas de offshore e onshore. Atendimento em 6 heliportos\/aeroportos, sendo 24 unidades FPSOs, localizadas em Jacarepagu\u00e1, Campos e Maca\u00e9 no RJ e Vit\u00f3ria no ES (atendimentos eventuais em Cabo Frio\/RJ).<\/p>\n<p><strong>Transporte de passageiros e pequenas cargas:<\/strong> Loca\u00e7\u00e3o de ve\u00edculo, com motorista, para o servi\u00e7o de translado ou servi\u00e7o de transfer de funcion\u00e1rios, tendo como objetivo o transporte executivo de passageiros, proporcionando, com conveni\u00eancia e flexibilidade, transporte municipal, transporte intermunicipal e interestadual de passageiros e\/ou pequenas cargas.<\/p>\n<p><strong>Loca\u00e7\u00e3o de ve\u00edculos para empresas:<\/strong> Loca\u00e7\u00e3o de ve\u00edculos com motorista, contando com uma frota nova (fabrica\u00e7\u00e3o n\u00e3o superior a dois anos), com ar-condicionado, capacidade para transporte de cinco passageiros e com seguro total.<\/p>\t\t\t\t\t\t<\/div>\n\t\t\t\t<\/div>\n\t\t\t\t<div class=\"elementor-element elementor-element-5194eb6 elementor-widget elementor-widget-heading\" data-id=\"5194eb6\" data-element_type=\"widget\" data-widget_type=\"heading.default\">\n\t\t\t\t<div class=\"elementor-widget-container\">\n\t\t\t<style>\/*! elementor - v3.14.0 - 26-06-2023 *\/\n.elementor-heading-title{padding:0;margin:0;line-height:1}.elementor-widget-heading .elementor-heading-title[class*=elementor-size-]>a{color:inherit;font-size:inherit;line-height:inherit}.elementor-widget-heading .elementor-heading-title.elementor-size-small{font-size:15px}.elementor-widget-heading .elementor-heading-title.elementor-size-medium{font-size:19px}.elementor-widget-heading .elementor-heading-title.elementor-size-large{font-size:29px}.elementor-widget-heading .elementor-heading-title.elementor-size-xl{font-size:39px}.elementor-widget-heading .elementor-heading-title.elementor-size-xxl{font-size:59px}<\/style><h2 class=\"elementor-heading-title elementor-size-default\">Portf\u00f3lio de Servi\u00e7o<\/h2>\t\t<\/div>\n\t\t\t\t<\/div>\n\t\t\t\t<div class=\"elementor-element elementor-element-ee6dec8 elementor-widget elementor-widget-text-editor\" data-id=\"ee6dec8\" data-element_type=\"widget\" data-widget_type=\"text-editor.default\">\n\t\t\t\t<div class=\"elementor-widget-container\">\n\t\t\t\t\t\t\t<p style=\"text-align: center;\">A Locatrans oferece atendimento de qualidade aos seus clientes e fornecedores. Explore nosso conjunto de servi\u00e7os realizados de maneira ambientalmente respons\u00e1vel.<\/p><p style=\"text-align: center;\"><a href=\"http:\/\/locatrans.com.br\/wp-content\/uploads\/2023\/07\/Apresentacao-Comercial-e-Portfolio-Locatrans-13.06.23.pdf\">Clique aqui para acessar nosso portf\u00f3lio de servi\u00e7o<\/a><\/p><p style=\"text-align: center;\">\u00a0<\/p>\t\t\t\t\t\t<\/div>\n\t\t\t\t<\/div>\n\t\t\t\t\t<\/div>\n\t\t<\/div>\n\t\t\t\t\t\t\t<\/div>\n\t\t<\/section>\n\t\t\t\t\t\t\t<\/div>\n\t\t","protected":false},"excerpt":{"rendered":"<p>Servi\u00e7os A Locatrans transporta passageiros e pequenas mercadorias com qualidade e seguran\u00e7a, em tempo h\u00e1bil capaz de promover o desenvolvimento econ\u00f4mico e social dos seus clientes, colaboradores e da pr\u00f3pria empresa. Apoio log\u00edstico Offshore e Onshore (Preposto Bil\u00edngue): Execu\u00e7\u00e3o de servi\u00e7os de preposto ou apoio log\u00edstico (t\u00e9cnico e\/ou operacional), tendo como objetivo o planejamento, a &hellip;<\/p>\n<p class=\"read-more\"> <a class=\"\" href=\"https:\/\/locatrans.com.br\/?page_id=246\"> <span class=\"screen-reader-text\">Servi\u00e7os<\/span> Leia mais &raquo;<\/a><\/p>\n","protected":false},"author":2,"featured_media":0,"parent":0,"menu_order":0,"comment_status":"closed","ping_status":"closed","template":"","meta":{"site-sidebar-layout":"no-sidebar","site-content-layout":"page-builder","ast-global-header-display":"","ast-banner-title-visibility":"","ast-main-header-display":"","ast-hfb-above-header-display":"","ast-hfb-below-header-display":"","ast-hfb-mobile-header-display":"","site-post-title":"disabled","ast-breadcrumbs-content":"","ast-featured-img":"disabled","footer-sml-layout":"","theme-transparent-header-meta":"enabled","adv-header-id-meta":"","stick-header-meta":"","header-above-stick-meta":"","header-main-stick-meta":"","header-below-stick-meta":"","footnotes":""},"yoast_head":"<!-- This site is optimized with the Yoast SEO plugin v20.13 - https:\/\/yoast.com\/wordpress\/plugins\/seo\/ -->\n<title>Servi\u00e7os - Locatrans Log\u00edstica e Transporte<\/title>\n<meta name=\"robots\" content=\"index, follow, max-snippet:-1, max-image-preview:large, max-video-preview:-1\" \/>\n<link rel=\"canonical\" href=\"http:\/\/locatrans.com.br\/?page_id=246\" \/>\n<meta property=\"og:locale\" content=\"pt_BR\" \/>\n<meta property=\"og:type\" content=\"article\" \/>\n<meta property=\"og:title\" content=\"Servi\u00e7os - Locatrans Log\u00edstica e Transporte\" \/>\n<meta property=\"og:description\" content=\"Servi\u00e7os A Locatrans transporta passageiros e pequenas mercadorias com qualidade e seguran\u00e7a, em tempo h\u00e1bil capaz de promover o desenvolvimento econ\u00f4mico e social dos seus clientes, colaboradores e da pr\u00f3pria empresa. Apoio log\u00edstico Offshore e Onshore (Preposto Bil\u00edngue): Execu\u00e7\u00e3o de servi\u00e7os de preposto ou apoio log\u00edstico (t\u00e9cnico e\/ou operacional), tendo como objetivo o planejamento, a &hellip; Servi\u00e7os Leia mais &raquo;\" \/>\n<meta property=\"og:url\" content=\"http:\/\/locatrans.com.br\/?page_id=246\" \/>\n<meta property=\"og:site_name\" content=\"Locatrans Log\u00edstica e Transporte\" \/>\n<meta property=\"article:modified_time\" content=\"2023-07-17T14:44:13+00:00\" \/>\n<meta name=\"twitter:card\" content=\"summary_large_image\" \/>\n<meta name=\"twitter:label1\" content=\"Est. tempo de leitura\" \/>\n\t<meta name=\"twitter:data1\" content=\"3 minutos\" \/>\n<script type=\"application\/ld+json\" class=\"yoast-schema-graph\">{\"@context\":\"https:\/\/schema.org\",\"@graph\":[{\"@type\":\"WebPage\",\"@id\":\"http:\/\/locatrans.com.br\/?page_id=246\",\"url\":\"http:\/\/locatrans.com.br\/?page_id=246\",\"name\":\"Servi\u00e7os - Locatrans Log\u00edstica e Transporte\",\"isPartOf\":{\"@id\":\"https:\/\/locatrans.com.br\/#website\"},\"datePublished\":\"2021-04-29T06:36:59+00:00\",\"dateModified\":\"2023-07-17T14:44:13+00:00\",\"breadcrumb\":{\"@id\":\"http:\/\/locatrans.com.br\/?page_id=246#breadcrumb\"},\"inLanguage\":\"pt-BR\",\"potentialAction\":[{\"@type\":\"ReadAction\",\"target\":[\"http:\/\/locatrans.com.br\/?page_id=246\"]}]},{\"@type\":\"BreadcrumbList\",\"@id\":\"http:\/\/locatrans.com.br\/?page_id=246#breadcrumb\",\"itemListElement\":[{\"@type\":\"ListItem\",\"position\":1,\"name\":\"In\u00edcio\",\"item\":\"https:\/\/locatrans.com.br\/\"},{\"@type\":\"ListItem\",\"position\":2,\"name\":\"Servi\u00e7os\"}]},{\"@type\":\"WebSite\",\"@id\":\"https:\/\/locatrans.com.br\/#website\",\"url\":\"https:\/\/locatrans.com.br\/\",\"name\":\"Locatrans Log\u00edstica e Transporte\",\"description\":\"Somos especializados em presta\u00e7\u00e3o de servi\u00e7os para parceiros que buscam o apoio em solu\u00e7\u00f5es de transporte como acompanhamento em troca de turmas, servi\u00e7os de prepostos, loca\u00e7\u00e3o de ve\u00edculos e transportes de pequenas cargas. Nossa oferta de servi\u00e7o tem alto padr\u00e3o de qualidade e efici\u00eancia.\",\"publisher\":{\"@id\":\"https:\/\/locatrans.com.br\/#organization\"},\"potentialAction\":[{\"@type\":\"SearchAction\",\"target\":{\"@type\":\"EntryPoint\",\"urlTemplate\":\"https:\/\/locatrans.com.br\/?s={search_term_string}\"},\"query-input\":\"required name=search_term_string\"}],\"inLanguage\":\"pt-BR\"},{\"@type\":\"Organization\",\"@id\":\"https:\/\/locatrans.com.br\/#organization\",\"name\":\"Locatrans Log\u00edstica e Transporte\",\"url\":\"https:\/\/locatrans.com.br\/\",\"logo\":{\"@type\":\"ImageObject\",\"inLanguage\":\"pt-BR\",\"@id\":\"https:\/\/locatrans.com.br\/#\/schema\/logo\/image\/\",\"url\":\"https:\/\/locatrans.com.br\/wp-content\/uploads\/2016\/08\/cropped-cropped-logo-locatrans-e1472070164157.png\",\"contentUrl\":\"https:\/\/locatrans.com.br\/wp-content\/uploads\/2016\/08\/cropped-cropped-logo-locatrans-e1472070164157.png\",\"width\":200,\"height\":67,\"caption\":\"Locatrans Log\u00edstica e Transporte\"},\"image\":{\"@id\":\"https:\/\/locatrans.com.br\/#\/schema\/logo\/image\/\"}}]}<\/script>\n<!-- \/ Yoast SEO plugin. -->","yoast_head_json":{"title":"Servi\u00e7os - Locatrans Log\u00edstica e Transporte","robots":{"index":"index","follow":"follow","max-snippet":"max-snippet:-1","max-image-preview":"max-image-preview:large","max-video-preview":"max-video-preview:-1"},"canonical":"http:\/\/locatrans.com.br\/?page_id=246","og_locale":"pt_BR","og_type":"article","og_title":"Servi\u00e7os - Locatrans Log\u00edstica e Transporte","og_description":"Servi\u00e7os A Locatrans transporta passageiros e pequenas mercadorias com qualidade e seguran\u00e7a, em tempo h\u00e1bil capaz de promover o desenvolvimento econ\u00f4mico e social dos seus clientes, colaboradores e da pr\u00f3pria empresa. Apoio log\u00edstico Offshore e Onshore (Preposto Bil\u00edngue): Execu\u00e7\u00e3o de servi\u00e7os de preposto ou apoio log\u00edstico (t\u00e9cnico e\/ou operacional), tendo como objetivo o planejamento, a &hellip; Servi\u00e7os Leia mais &raquo;","og_url":"http:\/\/locatrans.com.br\/?page_id=246","og_site_name":"Locatrans Log\u00edstica e Transporte","article_modified_time":"2023-07-17T14:44:13+00:00","twitter_card":"summary_large_image","twitter_misc":{"Est. tempo de leitura":"3 minutos"},"schema":{"@context":"https:\/\/schema.org","@graph":[{"@type":"WebPage","@id":"http:\/\/locatrans.com.br\/?page_id=246","url":"http:\/\/locatrans.com.br\/?page_id=246","name":"Servi\u00e7os - Locatrans Log\u00edstica e Transporte","isPartOf":{"@id":"https:\/\/locatrans.com.br\/#website"},"datePublished":"2021-04-29T06:36:59+00:00","dateModified":"2023-07-17T14:44:13+00:00","breadcrumb":{"@id":"http:\/\/locatrans.com.br\/?page_id=246#breadcrumb"},"inLanguage":"pt-BR","potentialAction":[{"@type":"ReadAction","target":["http:\/\/locatrans.com.br\/?page_id=246"]}]},{"@type":"BreadcrumbList","@id":"http:\/\/locatrans.com.br\/?page_id=246#breadcrumb","itemListElement":[{"@type":"ListItem","position":1,"name":"In\u00edcio","item":"https:\/\/locatrans.com.br\/"},{"@type":"ListItem","position":2,"name":"Servi\u00e7os"}]},{"@type":"WebSite","@id":"https:\/\/locatrans.com.br\/#website","url":"https:\/\/locatrans.com.br\/","name":"Locatrans Log\u00edstica e Transporte","description":"Somos especializados em presta\u00e7\u00e3o de servi\u00e7os para parceiros que buscam o apoio em solu\u00e7\u00f5es de transporte como acompanhamento em troca de turmas, servi\u00e7os de prepostos, loca\u00e7\u00e3o de ve\u00edculos e transportes de pequenas cargas. Nossa oferta de servi\u00e7o tem alto padr\u00e3o de qualidade e efici\u00eancia.","publisher":{"@id":"https:\/\/locatrans.com.br\/#organization"},"potentialAction":[{"@type":"SearchAction","target":{"@type":"EntryPoint","urlTemplate":"https:\/\/locatrans.com.br\/?s={search_term_string}"},"query-input":"required name=search_term_string"}],"inLanguage":"pt-BR"},{"@type":"Organization","@id":"https:\/\/locatrans.com.br\/#organization","name":"Locatrans Log\u00edstica e Transporte","url":"https:\/\/locatrans.com.br\/","logo":{"@type":"ImageObject","inLanguage":"pt-BR","@id":"https:\/\/locatrans.com.br\/#\/schema\/logo\/image\/","url":"https:\/\/locatrans.com.br\/wp-content\/uploads\/2016\/08\/cropped-cropped-logo-locatrans-e1472070164157.png","contentUrl":"https:\/\/locatrans.com.br\/wp-content\/uploads\/2016\/08\/cropped-cropped-logo-locatrans-e1472070164157.png","width":200,"height":67,"caption":"Locatrans Log\u00edstica e Transporte"},"image":{"@id":"https:\/\/locatrans.com.br\/#\/schema\/logo\/image\/"}}]}},"_links":{"self":[{"href":"https:\/\/locatrans.com.br\/index.php?rest_route=\/wp\/v2\/pages\/246"}],"collection":[{"href":"https:\/\/locatrans.com.br\/index.php?rest_route=\/wp\/v2\/pages"}],"about":[{"href":"https:\/\/locatrans.com.br\/index.php?rest_route=\/wp\/v2\/types\/page"}],"author":[{"embeddable":true,"href":"https:\/\/locatrans.com.br\/index.php?rest_route=\/wp\/v2\/users\/2"}],"replies":[{"embeddable":true,"href":"https:\/\/locatrans.com.br\/index.php?rest_route=%2Fwp%2Fv2%2Fcomments&post=246"}],"version-history":[{"count":3,"href":"https:\/\/locatrans.com.br\/index.php?rest_route=\/wp\/v2\/pages\/246\/revisions"}],"predecessor-version":[{"id":1341,"href":"https:\/\/locatrans.com.br\/index.php?rest_route=\/wp\/v2\/pages\/246\/revisions\/1341"}],"wp:attachment":[{"href":"https:\/\/locatrans.com.br\/index.php?rest_route=%2Fwp%2Fv2%2Fmedia&parent=246"}],"curies":[{"name":"wp","href":"https:\/\/api.w.org\/{rel}","templated":true}]}}